{"id":80,"date":"2018-05-15T12:54:08","date_gmt":"2018-05-15T10:54:08","guid":{"rendered":"http:\/\/c-stabenow.com\/site\/?page_id=80"},"modified":"2023-11-08T14:25:52","modified_gmt":"2023-11-08T13:25:52","slug":"geschichte","status":"publish","type":"page","link":"http:\/\/c-stabenow.com\/site\/geschichte\/","title":{"rendered":"Geschichte"},"content":{"rendered":"<p>Seit der Gr\u00fcndung 1873 ist unser Haus bekannt f\u00fcr seinen Schmuck und f\u00fcr seine Sortimente \u201erund um den gedeckten Tisch\u201c. Man schenkt uns Vertrauen ob unseres handwerklichen K\u00f6nnens und fachlichen Urteils. Diesen Ruf zu bewahren, aber auch immer wieder mit hohem Anspruch an sich selbst den Umgang mit diesen Dingen neu zu gestalten, weiterzugeben und anzuregen, ist unser Grundanliegen. Dabei die eigene Verantwortung nicht nur in der Rolle des Weiterreichenden zu sehen, sich hingegen einem allgemeinem Engagement in Kultur und \u00d6ffentlichkeit zu verpflichten, ist unsere Vision.<\/p>\n<p>Bl\u00e4ttern Sie in unserer Chronik!<\/p>\n<div class=\"_3d-flip-book  fb3d-thumbnail-lightbox-mode\" data-id=\"86\" data-mode=\"thumbnail-lightbox\" data-title=\"false\" data-template=\"short-white-book-view\" data-lightbox=\"light\" data-urlparam=\"fb3d-page\" data-page-n=\"0\" data-pdf=\"\" data-tax=\"null\" data-thumbnail=\"\" data-cols=\"3\" data-style=\"\" data-book-template=\"default\"><\/div><script type=\"text\/javascript\">window.FB3D_CLIENT_DATA = window.FB3D_CLIENT_DATA || [];window.FB3D_CLIENT_DATA.push('eyJwb3N0cyI6eyI4NiI6eyJJRCI6ODYsInRpdGxlIjoiQ2hyb25payIsInR5cGUiOiJwZGYiLCJyZWFkeV9mdW5jdGlvbiI6IiIsImJvb2tfc3R5bGUiOiJ2b2x1bWUiLCJib29rX3RlbXBsYXRlIjoibm9uZSIsIm91dGxpbmUiOltdLCJkYXRhIjp7InBvc3RfSUQiOiI4NyIsImd1aWQiOiJodHRwOlwvXC9jLXN0YWJlbm93LmNvbVwvc2l0ZVwvd3AtY29udGVudFwvdXBsb2Fkc1wvMjAxOFwvMDVcL3N0YWJlbm93LnBkZiIsInBkZl9wYWdlcyI6IjE2IiwicGFnZXNfY3VzdG9taXphdGlvbiI6Im5vbmUifSwidGh1bWJuYWlsIjp7ImRhdGEiOnsicG9zdF9JRCI6IjAifSwidHlwZSI6ImF1dG8ifSwicHJvcHMiOnsiaGVpZ2h0IjoiYXV0byIsIndpZHRoIjoiYXV0byIsImdyYXZpdHkiOiJhdXRvIiwiY2FjaGVkUGFnZXMiOiJhdXRvIiwicmVuZGVySW5hY3RpdmVQYWdlcyI6ImF1dG8iLCJyZW5kZXJJbmFjdGl2ZVBhZ2VzT25Nb2JpbGUiOiJhdXRvIiwicmVuZGVyV2hpbGVGbGlwcGluZyI6ImF1dG8iLCJwYWdlc0ZvclByZWRpY3RpbmciOiJhdXRvIiwicHJlbG9hZFBhZ2VzIjoiYXV0byIsInJ0bCI6ImF1dG8iLCJzaGVldCI6eyJzdGFydFZlbG9jaXR5IjoiYXV0byIsImNvcm5lckRldmlhdGlvbiI6ImF1dG8iLCJmbGV4aWJpbGl0eSI6ImF1dG8iLCJmbGV4aWJsZUNvcm5lciI6ImF1dG8iLCJiZW5kaW5nIjoiYXV0byIsIndhdmUiOiJhdXRvIiwid2lkdGhUZXhlbHMiOiJhdXRvIiwiaGVpZ2h0VGV4ZWxzIjoiYXV0byIsImNvbG9yIjoiYXV0byJ9LCJjb3ZlciI6eyJzdGFydFZlbG9jaXR5IjoiYXV0byIsImZsZXhpYmlsaXR5IjoiYXV0byIsImZsZXhpYmxlQ29ybmVyIjoiYXV0byIsImJlbmRpbmciOiJhdXRvIiwid2F2ZSI6ImF1dG8iLCJ3aWR0aFRleGVscyI6ImF1dG8iLCJoZWlnaHRUZXhlbHMiOiJhdXRvIiwiY29sb3IiOiJhdXRvIiwiYmluZGVyVGV4dHVyZSI6ImF1dG8iLCJkZXB0aCI6ImF1dG8iLCJwYWRkaW5nIjoiYXV0byIsIm1hc3MiOiJhdXRvIn0sInBhZ2UiOnsic3RhcnRWZWxvY2l0eSI6ImF1dG8iLCJmbGV4aWJpbGl0eSI6ImF1dG8iLCJmbGV4aWJsZUNvcm5lciI6ImF1dG8iLCJiZW5kaW5nIjoiYXV0byIsIndhdmUiOiJhdXRvIiwid2lkdGhUZXhlbHMiOiJhdXRvIiwiaGVpZ2h0VGV4ZWxzIjoiYXV0byIsImNvbG9yIjoiYXV0byIsImRlcHRoIjoiYXV0byIsIm1hc3MiOiJhdXRvIn19LCJjb250cm9sUHJvcHMiOnsiYWN0aW9ucyI6eyJjbWRTYXZlIjp7ImVuYWJsZWQiOiJhdXRvIn0sImNtZFByaW50Ijp7ImVuYWJsZWQiOiJhdXRvIn0sImNtZFNpbmdsZVBhZ2UiOnsiZW5hYmxlZCI6ImF1dG8iLCJhY3RpdmUiOiJhdXRvIn19fSwiYXV0b1RodW1ibmFpbCI6bnVsbCwicG9zdF9uYW1lIjoiY2hyb25payIsInBvc3RfdHlwZSI6IjNkLWZsaXAtYm9vayJ9fSwicGFnZXMiOltdLCJmaXJzdFBhZ2VzIjpbXX0=');window.FB3D_CLIENT_LOCALE && window.FB3D_CLIENT_LOCALE.render();<\/script>\n","protected":false},"excerpt":{"rendered":"<p>Seit der Gr\u00fcndung 1873 ist unser Haus bekannt f\u00fcr seinen Schmuck und f\u00fcr seine Sortimente \u201erund um den gedeckten Tisch\u201c. Man schenkt uns Vertrauen ob unseres handwerklichen K\u00f6nnens und fachlichen Urteils. Diesen Ruf zu bewahren, aber auch immer wieder mit hohem Anspruch an sich selbst den Umgang mit diesen Dingen neu zu gestalten, weiterzugeben und &hellip; <\/p>\n<p class=\"link-more\"><a href=\"http:\/\/c-stabenow.com\/site\/geschichte\/\" class=\"more-link\"><span class=\"screen-reader-text\">&#8222;Geschichte&#8220;<\/span> weiterlesen<\/a><\/p>\n","protected":false},"author":1,"featured_media":0,"parent":0,"menu_order":0,"comment_status":"closed","ping_status":"closed","template":"","meta":[],"_links":{"self":[{"href":"http:\/\/c-stabenow.com\/site\/wp-json\/wp\/v2\/pages\/80"}],"collection":[{"href":"http:\/\/c-stabenow.com\/site\/wp-json\/wp\/v2\/pages"}],"about":[{"href":"http:\/\/c-stabenow.com\/site\/wp-json\/wp\/v2\/types\/page"}],"author":[{"embeddable":true,"href":"http:\/\/c-stabenow.com\/site\/wp-json\/wp\/v2\/users\/1"}],"replies":[{"embeddable":true,"href":"http:\/\/c-stabenow.com\/site\/wp-json\/wp\/v2\/comments?post=80"}],"version-history":[{"count":11,"href":"http:\/\/c-stabenow.com\/site\/wp-json\/wp\/v2\/pages\/80\/revisions"}],"predecessor-version":[{"id":275,"href":"http:\/\/c-stabenow.com\/site\/wp-json\/wp\/v2\/pages\/80\/revisions\/275"}],"wp:attachment":[{"href":"http:\/\/c-stabenow.com\/site\/wp-json\/wp\/v2\/media?parent=80"}],"curies":[{"name":"wp","href":"https:\/\/api.w.org\/{rel}","templated":true}]}}