{"id":64,"date":"2018-05-15T12:39:07","date_gmt":"2018-05-15T10:39:07","guid":{"rendered":"http:\/\/c-stabenow.com\/site\/?page_id=64"},"modified":"2026-04-11T15:06:45","modified_gmt":"2026-04-11T13:06:45","slug":"besteck-2","status":"publish","type":"page","link":"http:\/\/c-stabenow.com\/site\/besteck-2\/","title":{"rendered":"Besteck"},"content":{"rendered":"<p><span class=\"news\">Messer, Gabel, L\u00f6ffel &#8211; das Dreigestirn des Bestecks scheint uns in der westlichen Welt unverzichtbar. Dabei geh\u00f6ren die Verwender des europ\u00e4ischen Essbestecks weltweit zur Minderheit. Sch\u00e4tzungen zufolge verwenden etwa 900 Millionen Menschen Messer und Gabel, rund 1,2 Milliarden benutzen Essst\u00e4bchen und die \u00fcberwiegende Mehrzahl von 4,2 Milliarden isst schlicht mit den Fingern.<br \/>\nBei uns finden Sie eine Auswahl feiner Bestecke aus Silber oder Edelstahl der Firmen Robbe und Berking und Wilkens.<\/span><\/p>\n","protected":false},"excerpt":{"rendered":"<p>Messer, Gabel, L\u00f6ffel &#8211; das Dreigestirn des Bestecks scheint uns in der westlichen Welt unverzichtbar. Dabei geh\u00f6ren die Verwender des europ\u00e4ischen Essbestecks weltweit zur Minderheit. Sch\u00e4tzungen zufolge verwenden etwa 900 Millionen Menschen Messer und Gabel, rund 1,2 Milliarden benutzen Essst\u00e4bchen und die \u00fcberwiegende Mehrzahl von 4,2 Milliarden isst schlicht mit den Fingern. Bei uns finden &hellip; <\/p>\n<p class=\"link-more\"><a href=\"http:\/\/c-stabenow.com\/site\/besteck-2\/\" class=\"more-link\"><span class=\"screen-reader-text\">&#8222;Besteck&#8220;<\/span> weiterlesen<\/a><\/p>\n","protected":false},"author":1,"featured_media":51,"parent":0,"menu_order":0,"comment_status":"closed","ping_status":"closed","template":"","meta":[],"_links":{"self":[{"href":"http:\/\/c-stabenow.com\/site\/wp-json\/wp\/v2\/pages\/64"}],"collection":[{"href":"http:\/\/c-stabenow.com\/site\/wp-json\/wp\/v2\/pages"}],"about":[{"href":"http:\/\/c-stabenow.com\/site\/wp-json\/wp\/v2\/types\/page"}],"author":[{"embeddable":true,"href":"http:\/\/c-stabenow.com\/site\/wp-json\/wp\/v2\/users\/1"}],"replies":[{"embeddable":true,"href":"http:\/\/c-stabenow.com\/site\/wp-json\/wp\/v2\/comments?post=64"}],"version-history":[{"count":3,"href":"http:\/\/c-stabenow.com\/site\/wp-json\/wp\/v2\/pages\/64\/revisions"}],"predecessor-version":[{"id":407,"href":"http:\/\/c-stabenow.com\/site\/wp-json\/wp\/v2\/pages\/64\/revisions\/407"}],"wp:featuredmedia":[{"embeddable":true,"href":"http:\/\/c-stabenow.com\/site\/wp-json\/wp\/v2\/media\/51"}],"wp:attachment":[{"href":"http:\/\/c-stabenow.com\/site\/wp-json\/wp\/v2\/media?parent=64"}],"curies":[{"name":"wp","href":"https:\/\/api.w.org\/{rel}","templated":true}]}}