{"id":61,"date":"2018-05-15T12:35:48","date_gmt":"2018-05-15T10:35:48","guid":{"rendered":"http:\/\/c-stabenow.com\/site\/?page_id=61"},"modified":"2023-09-22T10:40:04","modified_gmt":"2023-09-22T08:40:04","slug":"datenschutz","status":"publish","type":"page","link":"http:\/\/c-stabenow.com\/site\/datenschutz\/","title":{"rendered":"Datenschutz"},"content":{"rendered":"<h2><strong>Datenschutzerkl\u00e4rung<\/strong><\/h2>\n<p>Verantwortlich im Sinne der Datenschutzgesetzes:<\/p>\n<p>Goldschmiede C. Stabenow Handelsgesellschaft mbH<br \/>\nBadenstr. 1<br \/>\n18439 Stralsund<\/p>\n<p><strong>Erfassung von Daten<\/strong><\/p>\n<p>W\u00e4hrend Sie auf unsere Webseiten zugreifen, erfassen wir automatisch Daten von allgemeiner Natur. Diese Daten (Server-Logfiles) umfassen zum Beispiel die Art ihres Browsers, ihr Betriebssystem, den Domainnamen Ihres Internetanbieters sowie weitere \u00e4hnliche allgemeine Daten. Diese Daten sind absolut Personen unabh\u00e4ngig und werden genutzt, um Ihnen die Webseiten korrekt darzustellen und werden bei jeder Nutzung des Internets abgerufen. Die absolut anonymen Daten werden statistisch ausgewertet um unseren Service f\u00fcr Sie zu verbessern.<\/p>\n<p><strong>Kontaktformular<\/strong><\/p>\n<p>Wenn Sie uns \u00fcber unsere Kontaktseite kontaktieren oder uns eine E-Mail schicken werden die entsprechenden Daten zur Bearbeitung gespeichert.<\/p>\n<p><strong>L\u00f6schung oder Sperrung von Daten<\/strong><\/p>\n<p>Ihre pers\u00f6nlichen Daten werden nur so lange gespeichert, wie dies absolut notwendig ist um die angegebenen Dienste zu leisten und es vom Gesetz vorgeschrieben ist. Nach Ablauf dieser Fristen werden die pers\u00f6nlichen Daten der Nutzer regelm\u00e4\u00dfig gesperrt oder gel\u00f6scht.<\/p>\n<p><strong>Cookies<\/strong><\/p>\n<p>Unsere Webseite verwendet \u201eCookies\u201c. Cookies sind Textdateien, die vom Server einer Webseite auf Ihren Rechner \u00fcbertragen werden. Bestimmte Daten wie IP-Adresse, Browser, Betriebssystem und Internet Verbindung werden dabei \u00fcbertragen.<\/p>\n<p>Cookies starten keine Programme und \u00fcbertragen keine Viren. Die durch Cookies gesammelten Informationen dienen dazu, Ihnen die Navigation zu erleichtern und die Anzeige unserer Webseiten zu optimieren.<\/p>\n<p>Daten, die von uns erfasst werden, werden niemals ohne Ihre Einwilligung an Daten an Dritte weitergegeben oder mit personenbezogenen Daten verkn\u00fcpft.<\/p>\n<p>Die Verwendung von Cookies kann \u00fcber Einstellungen in ihrem Browser verhindert werden. In den Erl\u00e4uterungen zu Ihrem Internetbrowsers finden Sie Informationen dar\u00fcber, wie man diese Einstellungen ver\u00e4ndern kann. Einzelne Funktionen unserer Website k\u00f6nnen unter Umst\u00e4nden nicht richtig funktionieren, wenn die Verwendung von Cookies desaktiviert ist.<\/p>\n<p><strong>Auskunft, Berichtigung, Sperre, L\u00f6schung und Widerspruch<\/strong><\/p>\n<p>Sie k\u00f6nnen zu jedem Zeitpunkt Informationen \u00fcber Ihre bei uns gespeicherten Daten erbitten. Diese k\u00f6nnen auch berichtigt, gesperrt oder, sofern die vorgeschriebene Zeitr\u00e4ume der Datenspeicherung zur Gesch\u00e4ftsabwicklung abgelaufen sind, gel\u00f6scht werden. Unser Datenschutzmitarbeiter hilft Ihnen bei allen entsprechenden Fragen. Seine Kontaktdaten finden Sie weiter unten.<\/p>\n<p>Gesperrte Daten werden in einer speziellen Sperrdatei zu Kontrollzwecken verwahrt. Wenn die gesetzliche Archivierungsverpflichtung abgelaufen ist k\u00f6nnen Sie auch die L\u00f6schung der Daten verlangen. Innerhalb der Archivierungsverpflichtung k\u00f6nnen wir Ihre Daten auf Wunsch sperren.<\/p>\n<p>\u00c4nderungen oder Widerruf von Einwilligungen k\u00f6nnen durch eine Mitteilung an uns vorgenommen werden. Dies ist auch f\u00fcr zuk\u00fcnftige Aktionen m\u00f6glich.<\/p>\n<p><strong>\u00c4nderung der Datenschutzbestimmungen<\/strong><\/p>\n<p>Unsere Datenschutzerkl\u00e4rung k\u00f6nnen in unregelm\u00e4\u00dfigen Abst\u00e4nden angepasst werden, damit sie den aktuellen rechtlichen Anforderungen entsprechen oder um \u00c4nderungen unserer Dienstleistungen umzusetzen, z. B. bei der Einf\u00fcgung neuer Angebote. F\u00fcr Ihren n\u00e4chsten Besuch gilt dann automatisch die neue Datenschutzerkl\u00e4rung.<\/p>\n<p><strong>Kontakt<\/strong><\/p>\n<p>F\u00fcr Fragen zum Datenschutz schicken Sie uns bitte eine Nachricht an c.stabenow@t-online.de mit dem Betreff \u201eDatenschutz\u201c.<\/p>\n","protected":false},"excerpt":{"rendered":"<p>Datenschutzerkl\u00e4rung Verantwortlich im Sinne der Datenschutzgesetzes: Goldschmiede C. Stabenow Handelsgesellschaft mbH Badenstr. 1 18439 Stralsund Erfassung von Daten W\u00e4hrend Sie auf unsere Webseiten zugreifen, erfassen wir automatisch Daten von allgemeiner Natur. Diese Daten (Server-Logfiles) umfassen zum Beispiel die Art ihres Browsers, ihr Betriebssystem, den Domainnamen Ihres Internetanbieters sowie weitere \u00e4hnliche allgemeine Daten. Diese Daten sind &hellip; <\/p>\n<p class=\"link-more\"><a href=\"http:\/\/c-stabenow.com\/site\/datenschutz\/\" class=\"more-link\"><span class=\"screen-reader-text\">&#8222;Datenschutz&#8220;<\/span> weiterlesen<\/a><\/p>\n","protected":false},"author":1,"featured_media":0,"parent":0,"menu_order":0,"comment_status":"closed","ping_status":"closed","template":"","meta":[],"_links":{"self":[{"href":"http:\/\/c-stabenow.com\/site\/wp-json\/wp\/v2\/pages\/61"}],"collection":[{"href":"http:\/\/c-stabenow.com\/site\/wp-json\/wp\/v2\/pages"}],"about":[{"href":"http:\/\/c-stabenow.com\/site\/wp-json\/wp\/v2\/types\/page"}],"author":[{"embeddable":true,"href":"http:\/\/c-stabenow.com\/site\/wp-json\/wp\/v2\/users\/1"}],"replies":[{"embeddable":true,"href":"http:\/\/c-stabenow.com\/site\/wp-json\/wp\/v2\/comments?post=61"}],"version-history":[{"count":2,"href":"http:\/\/c-stabenow.com\/site\/wp-json\/wp\/v2\/pages\/61\/revisions"}],"predecessor-version":[{"id":272,"href":"http:\/\/c-stabenow.com\/site\/wp-json\/wp\/v2\/pages\/61\/revisions\/272"}],"wp:attachment":[{"href":"http:\/\/c-stabenow.com\/site\/wp-json\/wp\/v2\/media?parent=61"}],"curies":[{"name":"wp","href":"https:\/\/api.w.org\/{rel}","templated":true}]}}