{"id":53,"date":"2018-05-15T12:16:32","date_gmt":"2018-05-15T10:16:32","guid":{"rendered":"http:\/\/c-stabenow.com\/site\/?page_id=53"},"modified":"2026-04-11T15:06:14","modified_gmt":"2026-04-11T13:06:14","slug":"uhren","status":"publish","type":"page","link":"http:\/\/c-stabenow.com\/site\/uhren\/","title":{"rendered":"Uhren"},"content":{"rendered":"<p>In unserem Gesch\u00e4ft finden Sie die Kollektion des d\u00e4nischen Uhrenherstellers BERING, von Rolf-Cremer, Jacques Lehmans und Jacob Jensen deren Modelle durch ihr klares Design und die Verwendung besonderer Materialien auffallen.<\/p>\n<p>Zu unseren Serviceleistungen geh\u00f6ren Batteriewechsel, Gravuren sowie ein Umfangreiches Angebot an Uhrarmb\u00e4ndern.<\/p>\n<p>Zudem k\u00f6nnen wir in unserer Werkstatt individuelle Armbandverschl\u00fcsse und Schnallen aus edlen Metallen f\u00fcr Sie fertigen. Lassen Sie sich beraten.<\/p>\n","protected":false},"excerpt":{"rendered":"<p>In unserem Gesch\u00e4ft finden Sie die Kollektion des d\u00e4nischen Uhrenherstellers BERING, von Rolf-Cremer, Jacques Lehmans und Jacob Jensen deren Modelle durch ihr klares Design und die Verwendung besonderer Materialien auffallen. Zu unseren Serviceleistungen geh\u00f6ren Batteriewechsel, Gravuren sowie ein Umfangreiches Angebot an Uhrarmb\u00e4ndern. Zudem k\u00f6nnen wir in unserer Werkstatt individuelle Armbandverschl\u00fcsse und Schnallen aus edlen Metallen &hellip; <\/p>\n<p class=\"link-more\"><a href=\"http:\/\/c-stabenow.com\/site\/uhren\/\" class=\"more-link\"><span class=\"screen-reader-text\">&#8222;Uhren&#8220;<\/span> weiterlesen<\/a><\/p>\n","protected":false},"author":1,"featured_media":54,"parent":0,"menu_order":0,"comment_status":"closed","ping_status":"closed","template":"","meta":[],"_links":{"self":[{"href":"http:\/\/c-stabenow.com\/site\/wp-json\/wp\/v2\/pages\/53"}],"collection":[{"href":"http:\/\/c-stabenow.com\/site\/wp-json\/wp\/v2\/pages"}],"about":[{"href":"http:\/\/c-stabenow.com\/site\/wp-json\/wp\/v2\/types\/page"}],"author":[{"embeddable":true,"href":"http:\/\/c-stabenow.com\/site\/wp-json\/wp\/v2\/users\/1"}],"replies":[{"embeddable":true,"href":"http:\/\/c-stabenow.com\/site\/wp-json\/wp\/v2\/comments?post=53"}],"version-history":[{"count":3,"href":"http:\/\/c-stabenow.com\/site\/wp-json\/wp\/v2\/pages\/53\/revisions"}],"predecessor-version":[{"id":406,"href":"http:\/\/c-stabenow.com\/site\/wp-json\/wp\/v2\/pages\/53\/revisions\/406"}],"wp:featuredmedia":[{"embeddable":true,"href":"http:\/\/c-stabenow.com\/site\/wp-json\/wp\/v2\/media\/54"}],"wp:attachment":[{"href":"http:\/\/c-stabenow.com\/site\/wp-json\/wp\/v2\/media?parent=53"}],"curies":[{"name":"wp","href":"https:\/\/api.w.org\/{rel}","templated":true}]}}