{"id":47,"date":"2018-05-15T12:10:13","date_gmt":"2018-05-15T10:10:13","guid":{"rendered":"http:\/\/c-stabenow.com\/site\/?page_id=47"},"modified":"2026-04-11T15:07:42","modified_gmt":"2026-04-11T13:07:42","slug":"porzellan","status":"publish","type":"page","link":"http:\/\/c-stabenow.com\/site\/porzellan\/","title":{"rendered":"Porzellan"},"content":{"rendered":"<p>Wir bieten ein umfangreiches Sortiment an Porzellan, Glas und Geschenkartikeln.<br \/>\nZu unseren Hausmarken geh\u00f6ren Arzberg, Chr.Seltmann, Hutschenreuther,\u00a0 ROSENTHAL, \u00a0&#8230; sowie Glas und Kristall von\u00a0 ROSENDAHL, Rosenthal, Ritzenhoff, italB\u00a0&#8230;<\/p>\n<p>In unseren Abteilungen f\u00fcr Tischkultur legen wir besonderes Augenmerk auf fachliche Beratung. Wir k\u00f6nnen so auf Kundenw\u00fcnsche individuell eingehen und sind gerne bereit auch nicht lagernde Einzelst\u00fccke f\u00fcr Sie direkt beim Hersteller zu bestellen.<br \/>\nNach Ihren Vorstellungen arrangieren wir Hochzeitstische. (Auch Geburtstagstische m\u00f6glich!)<\/p>\n<p>Leider w\u00e4hrt die Nachkaufgarantie nicht ewig! Manche Service laufen aus, ohne dass Sie als Konsument es wissen. Auf Wunsch nehmen wir daher Ihre Adresse in unsere Kartei auf, sodass wir Sie im Fall des Falles rechtzeitig anschreiben und Sie Ihr Service komplettieren k\u00f6nnen.<\/p>\n<p>Im Umkreis von 40 km (beim Kauf von regul\u00e4ren Waren) liefern wir kostenfrei.<\/p>\n","protected":false},"excerpt":{"rendered":"<p>Wir bieten ein umfangreiches Sortiment an Porzellan, Glas und Geschenkartikeln. Zu unseren Hausmarken geh\u00f6ren Arzberg, Chr.Seltmann, Hutschenreuther,\u00a0 ROSENTHAL, \u00a0&#8230; sowie Glas und Kristall von\u00a0 ROSENDAHL, Rosenthal, Ritzenhoff, italB\u00a0&#8230; In unseren Abteilungen f\u00fcr Tischkultur legen wir besonderes Augenmerk auf fachliche Beratung. Wir k\u00f6nnen so auf Kundenw\u00fcnsche individuell eingehen und sind gerne bereit auch nicht lagernde Einzelst\u00fccke &hellip; <\/p>\n<p class=\"link-more\"><a href=\"http:\/\/c-stabenow.com\/site\/porzellan\/\" class=\"more-link\"><span class=\"screen-reader-text\">&#8222;Porzellan&#8220;<\/span> weiterlesen<\/a><\/p>\n","protected":false},"author":1,"featured_media":48,"parent":0,"menu_order":0,"comment_status":"closed","ping_status":"closed","template":"","meta":[],"_links":{"self":[{"href":"http:\/\/c-stabenow.com\/site\/wp-json\/wp\/v2\/pages\/47"}],"collection":[{"href":"http:\/\/c-stabenow.com\/site\/wp-json\/wp\/v2\/pages"}],"about":[{"href":"http:\/\/c-stabenow.com\/site\/wp-json\/wp\/v2\/types\/page"}],"author":[{"embeddable":true,"href":"http:\/\/c-stabenow.com\/site\/wp-json\/wp\/v2\/users\/1"}],"replies":[{"embeddable":true,"href":"http:\/\/c-stabenow.com\/site\/wp-json\/wp\/v2\/comments?post=47"}],"version-history":[{"count":3,"href":"http:\/\/c-stabenow.com\/site\/wp-json\/wp\/v2\/pages\/47\/revisions"}],"predecessor-version":[{"id":408,"href":"http:\/\/c-stabenow.com\/site\/wp-json\/wp\/v2\/pages\/47\/revisions\/408"}],"wp:featuredmedia":[{"embeddable":true,"href":"http:\/\/c-stabenow.com\/site\/wp-json\/wp\/v2\/media\/48"}],"wp:attachment":[{"href":"http:\/\/c-stabenow.com\/site\/wp-json\/wp\/v2\/media?parent=47"}],"curies":[{"name":"wp","href":"https:\/\/api.w.org\/{rel}","templated":true}]}}