{"id":137,"date":"2018-05-23T11:37:31","date_gmt":"2018-05-23T09:37:31","guid":{"rendered":"http:\/\/c-stabenow.com\/site\/?page_id=137"},"modified":"2018-05-23T11:37:31","modified_gmt":"2018-05-23T09:37:31","slug":"bering","status":"publish","type":"page","link":"http:\/\/c-stabenow.com\/site\/bering\/","title":{"rendered":"Bering"},"content":{"rendered":"<p><span class=\"news\">Inspiriert von der Sch\u00f6nheit der Arktis, k\u00fchl und schlicht das sind die Uhren von Bering. Zeitlos sch\u00f6n und besonders- Bering verbindet das minimalistische d\u00e4nische Design mit hochwertige Materialien wie Hightech-Keramik und Saphirgl\u00e4ser. Aber auch Titan und Edelstahl findet sich in der gelungenen Kollektion. In den Uhren von Bering werden ausschlie\u00dflich umweltfreundliche gr\u00fcne Batterien verwendet, Verantwortungsbewusstsein gegen\u00fcber Natur und Sch\u00f6pfung, von deren Sch\u00f6nheit sich die Designer der Marke Bering inspirieren lassen.<br \/>\n<\/span><\/p>\n","protected":false},"excerpt":{"rendered":"<p>Inspiriert von der Sch\u00f6nheit der Arktis, k\u00fchl und schlicht das sind die Uhren von Bering. Zeitlos sch\u00f6n und besonders- Bering verbindet das minimalistische d\u00e4nische Design mit hochwertige Materialien wie Hightech-Keramik und Saphirgl\u00e4ser. Aber auch Titan und Edelstahl findet sich in der gelungenen Kollektion. In den Uhren von Bering werden ausschlie\u00dflich umweltfreundliche gr\u00fcne Batterien verwendet, Verantwortungsbewusstsein &hellip; <\/p>\n<p class=\"link-more\"><a href=\"http:\/\/c-stabenow.com\/site\/bering\/\" class=\"more-link\"><span class=\"screen-reader-text\">&#8222;Bering&#8220;<\/span> weiterlesen<\/a><\/p>\n","protected":false},"author":2,"featured_media":0,"parent":0,"menu_order":0,"comment_status":"closed","ping_status":"closed","template":"","meta":[],"_links":{"self":[{"href":"http:\/\/c-stabenow.com\/site\/wp-json\/wp\/v2\/pages\/137"}],"collection":[{"href":"http:\/\/c-stabenow.com\/site\/wp-json\/wp\/v2\/pages"}],"about":[{"href":"http:\/\/c-stabenow.com\/site\/wp-json\/wp\/v2\/types\/page"}],"author":[{"embeddable":true,"href":"http:\/\/c-stabenow.com\/site\/wp-json\/wp\/v2\/users\/2"}],"replies":[{"embeddable":true,"href":"http:\/\/c-stabenow.com\/site\/wp-json\/wp\/v2\/comments?post=137"}],"version-history":[{"count":1,"href":"http:\/\/c-stabenow.com\/site\/wp-json\/wp\/v2\/pages\/137\/revisions"}],"predecessor-version":[{"id":138,"href":"http:\/\/c-stabenow.com\/site\/wp-json\/wp\/v2\/pages\/137\/revisions\/138"}],"wp:attachment":[{"href":"http:\/\/c-stabenow.com\/site\/wp-json\/wp\/v2\/media?parent=137"}],"curies":[{"name":"wp","href":"https:\/\/api.w.org\/{rel}","templated":true}]}}