{"id":135,"date":"2018-05-23T11:30:55","date_gmt":"2018-05-23T09:30:55","guid":{"rendered":"http:\/\/c-stabenow.com\/site\/?page_id=135"},"modified":"2018-05-23T11:31:14","modified_gmt":"2018-05-23T09:31:14","slug":"robbe-berking","status":"publish","type":"page","link":"http:\/\/c-stabenow.com\/site\/robbe-berking\/","title":{"rendered":"Robbe &#038; Berking"},"content":{"rendered":"<p><span class=\"inhalt\">Robbe &amp; Berking ist eine traditionsreiche Silbermanufaktur, deren<br \/>\nUrsprung bis auf das Jahr 1874 zur\u00fcckgeht. Von Generation zu Generation wurden in diesem alten Familienunternehmen die Kenntnisse der Silberbearbeitung immer weiter verfeinert und perfektioniert &#8211; bis zu ihrem heutigen hohen Stand. Vieles vom K\u00f6nnen der gro\u00dfen alten Meister ist so in der Kollektion lebendig geblieben. Bestecke und Tafelger\u00e4te mit der Punzierung R&amp;B gelten unter Kennern und Liebhabern international als un\u00fcbertroffene Meisterwerke<\/span><\/p>\n","protected":false},"excerpt":{"rendered":"<p>Robbe &amp; Berking ist eine traditionsreiche Silbermanufaktur, deren Ursprung bis auf das Jahr 1874 zur\u00fcckgeht. Von Generation zu Generation wurden in diesem alten Familienunternehmen die Kenntnisse der Silberbearbeitung immer weiter verfeinert und perfektioniert &#8211; bis zu ihrem heutigen hohen Stand. Vieles vom K\u00f6nnen der gro\u00dfen alten Meister ist so in der Kollektion lebendig geblieben. Bestecke &hellip; <\/p>\n<p class=\"link-more\"><a href=\"http:\/\/c-stabenow.com\/site\/robbe-berking\/\" class=\"more-link\"><span class=\"screen-reader-text\">&#8222;Robbe &#038; Berking&#8220;<\/span> weiterlesen<\/a><\/p>\n","protected":false},"author":2,"featured_media":0,"parent":0,"menu_order":0,"comment_status":"closed","ping_status":"closed","template":"","meta":[],"_links":{"self":[{"href":"http:\/\/c-stabenow.com\/site\/wp-json\/wp\/v2\/pages\/135"}],"collection":[{"href":"http:\/\/c-stabenow.com\/site\/wp-json\/wp\/v2\/pages"}],"about":[{"href":"http:\/\/c-stabenow.com\/site\/wp-json\/wp\/v2\/types\/page"}],"author":[{"embeddable":true,"href":"http:\/\/c-stabenow.com\/site\/wp-json\/wp\/v2\/users\/2"}],"replies":[{"embeddable":true,"href":"http:\/\/c-stabenow.com\/site\/wp-json\/wp\/v2\/comments?post=135"}],"version-history":[{"count":1,"href":"http:\/\/c-stabenow.com\/site\/wp-json\/wp\/v2\/pages\/135\/revisions"}],"predecessor-version":[{"id":136,"href":"http:\/\/c-stabenow.com\/site\/wp-json\/wp\/v2\/pages\/135\/revisions\/136"}],"wp:attachment":[{"href":"http:\/\/c-stabenow.com\/site\/wp-json\/wp\/v2\/media?parent=135"}],"curies":[{"name":"wp","href":"https:\/\/api.w.org\/{rel}","templated":true}]}}